{"id":1212,"date":"2018-10-05T19:51:45","date_gmt":"2018-10-05T19:51:45","guid":{"rendered":"http:\/\/sebtrotter.wixsite.com\/sebtrotter\/centrafrique"},"modified":"2018-10-05T19:51:45","modified_gmt":"2018-10-05T19:51:45","slug":"centrafrique","status":"publish","type":"page","link":"https:\/\/sebtrotter.com\/?page_id=1212","title":{"rendered":"Centrafrique"},"content":{"rendered":"<h2>CENTRAFRIQUE<\/h2>\n<p>La R\u00e9publique centrafricaine, aussi appel\u00e9e le ou la Centrafrique, en sango K\u00f6d\u00f6r\u00f6s\u00ease t\u00ee B\u00eaafr\u00eeka, est un pays d&rsquo;Afrique centrale en voie de d\u00e9veloppement, dont la population est estim\u00e9e \u00e0 4 500 000 habitants, pour une superficie d&rsquo;environ 623 000 km2. Il est entour\u00e9 par le Cameroun \u00e0 l&rsquo;ouest, le Tchad au nord, le Soudan et le Soudan du Sud \u00e0 l&rsquo;est, la R\u00e9publique d\u00e9mocratique du Congo et la R\u00e9publique du Congo au sud. Le pays est membre de l&rsquo;Union africaine, de la Communaut\u00e9 \u00e9conomique et mon\u00e9taire de l&rsquo;Afrique centrale et de la Communaut\u00e9 des \u00c9tats sah\u00e9lo-sahariens.<\/p>\n<p>Le pays est partag\u00e9 entre savanes et for\u00eat \u00e9quatoriale (au sud), et conna\u00eet pour l&rsquo;essentiel un climat tropical. La R\u00e9publique centrafricaine dispose par ailleurs de nombreuses ressources naturelles, notamment l&rsquo;uranium, l&rsquo;or, les diamants et le p\u00e9trole.<\/p>\n<p>Le territoire de la R\u00e9publique centrafricaine correspond \u00e0 celui de la colonie fran\u00e7aise d&rsquo;Oubangui-Chari, qui fait partie de l&rsquo;Afrique-\u00c9quatoriale fran\u00e7aise de 1910 \u00e0 1960. Apr\u00e8s l&rsquo;ind\u00e9pendance, le pays a eu \u00e0 sa t\u00eate diff\u00e9rents r\u00e9gimes autoritaires, notamment celui de Jean-Bedel Bokassa, pr\u00e9sident, puis empereur autoproclam\u00e9. L&rsquo;ancienne puissance coloniale continue d&rsquo;y jouer un r\u00f4le important. Les premi\u00e8res \u00e9lections libres avec multipartisme ont lieu en 1993. Elles portent au pouvoir Ange-F\u00e9lix Patass\u00e9, renvers\u00e9 en 2003 par Fran\u00e7ois Boziz\u00e9. Celui-ci, r\u00e9\u00e9lu en 2005 et 2010, est \u00e0 son tour renvers\u00e9 en 2013 par la Seleka, une alliance de milices, pendant la deuxi\u00e8me guerre civile de Centrafrique. En 2016, Faustin-Archange Touad\u00e9ra est \u00e9lu pr\u00e9sident de la R\u00e9publique.<\/p>\n<p>Le pays est donc en voie de stabilisation. La majorit\u00e9 des quartiers de BANGUI, la capitale, sont calmes.<\/p>\n<p>Les habitants ont envie d\u2019avancer, preuve en est les diff\u00e9rents travaux de r\u00e9novations, route, b\u00e2timents, canalisations.<\/p>\n<p>La population est accueillante, certaines fa\u00e7on de faire font sourire, comme r\u00e9pondre merci lorsque nous disons bonjour (Bara mo en Sango). Le bonjour se dis avec une large main ouverte.<\/p>\n<p>Le Fran\u00e7ais est assez bien compris par la population mais quelques termes en Sango prouvent notre envie de connaitre leur culture.<\/p>\n<p>N\u2019ayant pas grand-chose, ils pourraient ne rien faire mais non.<\/p>\n<p>Pas de tractopelle? Pas grave des tranches de 3m de profondeur sur 30m de long a la pelle et la pioche.<\/p>\n<p>Pas d\u2019\u00e9chafaudages ? Des constructions de bois de plus de 10 m<\/p>\n<p>Voil\u00e0 un pays en voie de stabilisation avec des habitants attachants.<\/p>\n<p>Je leur souhaite tout le meilleur pour leur avenir.<\/p>\n\n<p>La vue sur l&rsquo;OUBANGUI depuis la presqu&rsquo;ile de l&rsquo;Hotel Oubangui, ou il est bon de prendre un verre. Un des seuls endroits ou ils ont du Pastis \ud83d\ude09<\/p>\n<p>La piscine du Banguy Rock club, la seul ou vous pourrez faire des longueurs. Il y a aussi un terrain de volley et une salle de musculation, de l&rsquo;autre cote de la route vous trouverez des terrain de tennis et meme du squatch.<\/p>\n<p>Espace agr\u00e9able pour boire une bi\u00e8re ou un jus de fruit. Le midi vous pourrez y manger des croques monsieur mais personnellement je pr\u00e9f\u00e9rais me faire livrer des shawarmas ou des paninis par le restaurant Sucre sale.<\/p>\n<p>L&rsquo;entree coute 5000FCFA ce qui correspond a 7,5\u20ac mais on y est bien. Pour ceux qui restent longtemps il y a la possibilit\u00e9 de se prendre un abonnement.<\/p>\n<p>Vous avez aussi le Ledger, mais c&rsquo;est un \u00e9tablissement cible pour les etrangers, et donc cher. Certes c&rsquo;est un autre standing mais ce n&rsquo;est pas forcement ce qu&rsquo;on cherche lorsqu&rsquo;on voyage dans ces pays.<\/p>\n<p>La cath\u00e9drale de Bangui, le plus beau monument de la ville.<\/p>\n<p>Pour sortir vous avez quelques restaurants type Le relais des chasses ou Le carre gourmant, avec ce magnifique tronc au centre de la salle.<\/p>\n<p>Quelques photos en vracs.<\/p>\n<p>Si on vous invite a manger, attention, vous risquez de vous trouver avec de la peau de serpent ou des chauves souris&#8230;<\/p>\n<p>Les vendeurs de fruits augmentent un peu les prix mais c&rsquo;est le jeu. Ceci dis a 1000 la grappe de banane, ou l&rsquo;ananas ce n&rsquo;est pas bien grave.<\/p>\n<p>La conduite est particuli\u00e8re. Certes ce n&rsquo;est pas l&rsquo;Ouganda mais il y a des choses a voir quand meme. Des vaches vivantes sur le toit des Taxi par exemple, ou une cinquantaine de poulets vivants sur une mobylette&#8230;<\/p>\n<p>Et de magnifiques l\u00e9zards, il n&rsquo;y a pas \u00e9norm\u00e9ment d&rsquo;animaux par rapport a d&rsquo;autres pays d&rsquo;Afrique.<\/p>\n<pre id=\"tw-target-text\" class=\"tw-data-text tw-ta tw-text-small\"><span lang=\"en\">The Central African Republic, also known as the Central African Republic, in Sango K\u00f6d\u00f6r\u00f6s\u00ease t\u00ee B\u00eaafr\u00eeka, is a developing country in Central Africa, with an estimated population of 4,500,000, covering an area of \u200b\u200bapproximately 623,000 km2. It is surrounded by Cameroon to the west, Chad to the north, Sudan and South Sudan to the east, the Democratic Republic of Congo and the Republic of Congo to the south. The country is a member of the African Union, the Economic and Monetary Community of Central Africa and the Community of Sahelo-Saharan States.\n\nThe country is shared between savannas and equatorial forest (in the south), and has a tropical climate. The Central African Republic also has many natural resources, including uranium, gold, diamonds and oil.\n\nThe territory of the Central African Republic corresponds to that of the French colony of Oubangui-Chari, which is part of the French Equatorial Africa from 1910 to 1960. After independence, the country was led by different authoritarian regimes, notably that of Jean-Bedel Bokassa, president, then self-proclaimed emperor. The former colonial power continues to play an important role. The first free elections with multiparty politics took place in 1993. They brought to power Ange-F\u00e9lix Patass\u00e9, overthrown in 2003 by Fran\u00e7ois Boziz\u00e9. The latter, reelected in 2005 and 2010, was in turn overthrown in 2013 by the Seleka, an alliance of militias, during the second civil war of Central Africa. In 2016, Faustin-Archange Touad\u00e9ra is elected President of the Republic.\n\nThe country is therefore stabilizing. The majority of BANGUI neighborhoods, the capital, are quiet.\n\nThe inhabitants want to advance, proof is the various renovations, roads, buildings, pipes.\n\nThe population is welcoming, some way to make people smile, like to say thank you when we say hello (Bara mo in Sango). Hello, you say with a large, open hand.\n\nThe French is quite well understood by the population but some terms in Sango prove our desire to know their culture.\n\nNot having much, they could do nothing but no.\n\nNo backhoe? Not serious slices of 3m deep and 30m long with shovel and pickaxe.\n\nNo scaffolding? Wood constructions of more than 10 m\n\nThis is a country in the process of stabilization with endearing inhabitants.\n\nI wish them all the best for their future<\/span><\/pre>\n<pre id=\"tw-target-text\" class=\"tw-data-text tw-ta tw-text-small\"><\/pre>\n<p><a class=\"button\" role=\"button\" href=\"?p=262\">Retour<\/a><\/p>\n<pre id=\"tw-target-text\" class=\"tw-data-text tw-ta tw-text-small\">\n<\/pre>\n","protected":false},"excerpt":{"rendered":"<p>CENTRAFRIQUE La R\u00e9publique centrafricaine, aussi appel\u00e9e le ou la Centrafrique, en sango K\u00f6d\u00f6r\u00f6s\u00ease t\u00ee B\u00eaafr\u00eeka, est un pays d&rsquo;Afrique centrale en voie de d\u00e9veloppement, dont la population est estim\u00e9e \u00e0 4 500 000 habitants, pour une superficie d&rsquo;environ 623 000 km2. Il est entour\u00e9 par le Cameroun \u00e0 l&rsquo;ouest, le Tchad au nord, le Soudan [&hellip;]<\/p>\n","protected":false},"author":2,"featured_media":0,"parent":9404,"menu_order":0,"comment_status":"closed","ping_status":"closed","template":"","meta":[],"_links":{"self":[{"href":"https:\/\/sebtrotter.com\/index.php?rest_route=\/wp\/v2\/pages\/1212"}],"collection":[{"href":"https:\/\/sebtrotter.com\/index.php?rest_route=\/wp\/v2\/pages"}],"about":[{"href":"https:\/\/sebtrotter.com\/index.php?rest_route=\/wp\/v2\/types\/page"}],"author":[{"embeddable":true,"href":"https:\/\/sebtrotter.com\/index.php?rest_route=\/wp\/v2\/users\/2"}],"replies":[{"embeddable":true,"href":"https:\/\/sebtrotter.com\/index.php?rest_route=%2Fwp%2Fv2%2Fcomments&post=1212"}],"version-history":[{"count":0,"href":"https:\/\/sebtrotter.com\/index.php?rest_route=\/wp\/v2\/pages\/1212\/revisions"}],"up":[{"embeddable":true,"href":"https:\/\/sebtrotter.com\/index.php?rest_route=\/wp\/v2\/pages\/9404"}],"wp:attachment":[{"href":"https:\/\/sebtrotter.com\/index.php?rest_route=%2Fwp%2Fv2%2Fmedia&parent=1212"}],"curies":[{"name":"wp","href":"https:\/\/api.w.org\/{rel}","templated":true}]}}