{"id":1192,"date":"2018-10-05T19:51:45","date_gmt":"2018-10-05T19:51:45","guid":{"rendered":"http:\/\/sebtrotter.wixsite.com\/sebtrotter\/les-5-terres"},"modified":"2018-10-05T19:51:45","modified_gmt":"2018-10-05T19:51:45","slug":"les-5-terres","status":"publish","type":"page","link":"https:\/\/sebtrotter.com\/?page_id=1192","title":{"rendered":"Les 5 terres"},"content":{"rendered":"<h1><a href=\"http:\/\/www.cinqueterre-italie.com\" target=\"_blank\" rel=\"noopener noreferrer\">Les 5 terres<\/a><\/h1>\n\n<p>Les Cinque Terre (en ligure : \u00c7inque Taere, \u00ab Cinq Terres \u00bb) forment une partie de la c\u00f4te de la Riviera italienne, dans la Ligurie, \u00e0 l&rsquo;ouest de la ville de La Spezia. Les Cinque Terre comprennent cinq villages : d&rsquo;ouest en est, Monterosso al Mare, Vernazza, Corniglia, Manarola et Riomaggiore qui sont rattach\u00e9s au parc national des Cinque Terre cr\u00e9\u00e9 en 19991.<\/p>\n<p>Les Cinque Terre occupent un paysage accident\u00e9 et escarp\u00e9, sur lequel ont \u00e9t\u00e9 construites au fil des si\u00e8cles des terrasses permettant l&rsquo;agriculture. Les villages sont b\u00e2tis sur la c\u00f4te m\u00e9diterran\u00e9enne, dans des criques et sur les falaises. Malgr\u00e9 la construction d&rsquo;une route et d&rsquo;une voie ferroviaire au xxe si\u00e8cle, leur acc\u00e8s reste difficile.<\/p>\n<p>En 1997, les Cinque Terre, Portovenere ainsi que l\u2019\u00eele de Palmaria, l\u2019\u00eele du Tino et l\u2019\u00eele du Tinetto ont \u00e9t\u00e9 admises aupatrimoine mondial de l&rsquo;UNESCO.<\/p>\n<p><a class=\"button\" role=\"button\" href=\"?p=642\">Retour<\/a><\/p>\n","protected":false},"excerpt":{"rendered":"<p>Les 5 terres Les Cinque Terre (en ligure : \u00c7inque Taere, \u00ab Cinq Terres \u00bb) forment une partie de la c\u00f4te de la Riviera italienne, dans la Ligurie, \u00e0 l&rsquo;ouest de la ville de La Spezia. Les Cinque Terre comprennent cinq villages : d&rsquo;ouest en est, Monterosso al Mare, Vernazza, Corniglia, Manarola et Riomaggiore qui [&hellip;]<\/p>\n","protected":false},"author":2,"featured_media":0,"parent":642,"menu_order":0,"comment_status":"closed","ping_status":"closed","template":"","meta":[],"_links":{"self":[{"href":"https:\/\/sebtrotter.com\/index.php?rest_route=\/wp\/v2\/pages\/1192"}],"collection":[{"href":"https:\/\/sebtrotter.com\/index.php?rest_route=\/wp\/v2\/pages"}],"about":[{"href":"https:\/\/sebtrotter.com\/index.php?rest_route=\/wp\/v2\/types\/page"}],"author":[{"embeddable":true,"href":"https:\/\/sebtrotter.com\/index.php?rest_route=\/wp\/v2\/users\/2"}],"replies":[{"embeddable":true,"href":"https:\/\/sebtrotter.com\/index.php?rest_route=%2Fwp%2Fv2%2Fcomments&post=1192"}],"version-history":[{"count":0,"href":"https:\/\/sebtrotter.com\/index.php?rest_route=\/wp\/v2\/pages\/1192\/revisions"}],"up":[{"embeddable":true,"href":"https:\/\/sebtrotter.com\/index.php?rest_route=\/wp\/v2\/pages\/642"}],"wp:attachment":[{"href":"https:\/\/sebtrotter.com\/index.php?rest_route=%2Fwp%2Fv2%2Fmedia&parent=1192"}],"curies":[{"name":"wp","href":"https:\/\/api.w.org\/{rel}","templated":true}]}}