{"id":1172,"date":"2018-10-05T19:51:45","date_gmt":"2018-10-05T19:51:45","guid":{"rendered":"http:\/\/sebtrotter.wixsite.com\/sebtrotter\/domr-my-la-pucelle"},"modified":"2018-10-05T19:51:45","modified_gmt":"2018-10-05T19:51:45","slug":"domremy-la-pucelle","status":"publish","type":"page","link":"https:\/\/sebtrotter.com\/?page_id=1172","title":{"rendered":"Domr\u00e9my la Pucelle"},"content":{"rendered":"\n<p>La premi\u00e8re pierre du b\u00e2timent a \u00e9t\u00e9 pos\u00e9e le 3 novembre 1881 \u00e0 proximit\u00e9 imm\u00e9diate du lieu o\u00f9 Jeanne, berg\u00e8re, aurait entendu ses voix. Il a \u00e9t\u00e9 b\u00e2ti sur les plans de l&rsquo;architecte Paul S\u00e9dille (apr\u00e8s la mort de ce dernier en 1900, les fr\u00e8res \u00c9mile et Ren\u00e9 Demay, architectes \u00e0 Neufch\u00e2teau, prendront la direction des travaux jusqu&rsquo;\u00e0 leur ach\u00e8vement en 1926). L&rsquo;\u00e9difice initial, pr\u00e9vu plus petit, \u00e9tait initialement d\u00e9di\u00e9 \u00e0 saint Michel \u00e9tant donn\u00e9 que Jeanne n&rsquo;avait pas encore \u00e9t\u00e9 b\u00e9atifi\u00e9e. La premi\u00e8re messe y fut c\u00e9l\u00e9br\u00e9e en 1896, l&rsquo;\u00e9glise \u00e9tant alors toujours en construction. En 1897 4 clochesfurent ajout\u00e9es au nouveau clocher.<\/p>\n<p><a class=\"button\" role=\"button\" href=\"?p=1032\">Retour<\/a><\/p>\n","protected":false},"excerpt":{"rendered":"<p>La premi\u00e8re pierre du b\u00e2timent a \u00e9t\u00e9 pos\u00e9e le 3 novembre 1881 \u00e0 proximit\u00e9 imm\u00e9diate du lieu o\u00f9 Jeanne, berg\u00e8re, aurait entendu ses voix. Il a \u00e9t\u00e9 b\u00e2ti sur les plans de l&rsquo;architecte Paul S\u00e9dille (apr\u00e8s la mort de ce dernier en 1900, les fr\u00e8res \u00c9mile et Ren\u00e9 Demay, architectes \u00e0 Neufch\u00e2teau, prendront la direction [&hellip;]<\/p>\n","protected":false},"author":2,"featured_media":0,"parent":1032,"menu_order":0,"comment_status":"closed","ping_status":"closed","template":"","meta":[],"_links":{"self":[{"href":"https:\/\/sebtrotter.com\/index.php?rest_route=\/wp\/v2\/pages\/1172"}],"collection":[{"href":"https:\/\/sebtrotter.com\/index.php?rest_route=\/wp\/v2\/pages"}],"about":[{"href":"https:\/\/sebtrotter.com\/index.php?rest_route=\/wp\/v2\/types\/page"}],"author":[{"embeddable":true,"href":"https:\/\/sebtrotter.com\/index.php?rest_route=\/wp\/v2\/users\/2"}],"replies":[{"embeddable":true,"href":"https:\/\/sebtrotter.com\/index.php?rest_route=%2Fwp%2Fv2%2Fcomments&post=1172"}],"version-history":[{"count":0,"href":"https:\/\/sebtrotter.com\/index.php?rest_route=\/wp\/v2\/pages\/1172\/revisions"}],"up":[{"embeddable":true,"href":"https:\/\/sebtrotter.com\/index.php?rest_route=\/wp\/v2\/pages\/1032"}],"wp:attachment":[{"href":"https:\/\/sebtrotter.com\/index.php?rest_route=%2Fwp%2Fv2%2Fmedia&parent=1172"}],"curies":[{"name":"wp","href":"https:\/\/api.w.org\/{rel}","templated":true}]}}