{"id":1162,"date":"2018-10-05T19:51:45","date_gmt":"2018-10-05T19:51:45","guid":{"rendered":"http:\/\/sebtrotter.wixsite.com\/sebtrotter\/r-publique-tch-que"},"modified":"2018-10-05T19:51:45","modified_gmt":"2018-10-05T19:51:45","slug":"republique-tcheque","status":"publish","type":"page","link":"https:\/\/sebtrotter.com\/?page_id=1162","title":{"rendered":"R\u00e9publique Tch\u00e8que"},"content":{"rendered":"<h1>R\u00e9publique Tch\u00e8que<\/h1>\n<p>1er voyages <span style=\"text-decoration:underline;\"><strong><span style=\"font-size:18px;\">PRAGUE:<\/span><\/strong><\/span><\/p>\n<p><a role=\"button\" class=\"button\" href=\"?p=1072\">Prague<\/a><br \/>\n<a role=\"button\" class=\"button\" href=\"?p=262\">Retour<\/a><\/p>\n","protected":false},"excerpt":{"rendered":"<p>R\u00e9publique Tch\u00e8que 1er voyages PRAGUE: Prague Retour<\/p>\n","protected":false},"author":2,"featured_media":0,"parent":0,"menu_order":0,"comment_status":"closed","ping_status":"closed","template":"","meta":[],"_links":{"self":[{"href":"https:\/\/sebtrotter.com\/index.php?rest_route=\/wp\/v2\/pages\/1162"}],"collection":[{"href":"https:\/\/sebtrotter.com\/index.php?rest_route=\/wp\/v2\/pages"}],"about":[{"href":"https:\/\/sebtrotter.com\/index.php?rest_route=\/wp\/v2\/types\/page"}],"author":[{"embeddable":true,"href":"https:\/\/sebtrotter.com\/index.php?rest_route=\/wp\/v2\/users\/2"}],"replies":[{"embeddable":true,"href":"https:\/\/sebtrotter.com\/index.php?rest_route=%2Fwp%2Fv2%2Fcomments&post=1162"}],"version-history":[{"count":0,"href":"https:\/\/sebtrotter.com\/index.php?rest_route=\/wp\/v2\/pages\/1162\/revisions"}],"wp:attachment":[{"href":"https:\/\/sebtrotter.com\/index.php?rest_route=%2Fwp%2Fv2%2Fmedia&parent=1162"}],"curies":[{"name":"wp","href":"https:\/\/api.w.org\/{rel}","templated":true}]}}