{"id":1132,"date":"2018-10-05T19:51:45","date_gmt":"2018-10-05T19:51:45","guid":{"rendered":"http:\/\/sebtrotter.wixsite.com\/sebtrotter\/chateau-de-la-rochefoucault"},"modified":"2018-10-05T19:51:45","modified_gmt":"2018-10-05T19:51:45","slug":"chateau-de-la-rochefoucault","status":"publish","type":"page","link":"https:\/\/sebtrotter.com\/?page_id=1132","title":{"rendered":"Chateau de la Rochefoucault"},"content":{"rendered":"<h1><a href=\"http:\/\/www.chateau-la-rochefoucauld.com\" target=\"_blank\" rel=\"noopener noreferrer\">Chateau de la Rochefoucauld<\/a><\/h1>\n\n<p>Selon une l\u00e9gende, le ch\u00e2teau serait hant\u00e9 par l&rsquo;esprit de la f\u00e9e M\u00e9lusine, qui se serait jet\u00e9e du haut du donjon, ou par les \u00e2mes des fondateurs de la famille.<\/p>\n<p><a class=\"button\" role=\"button\" href=\"?p=1032\">Retour<\/a><\/p>\n","protected":false},"excerpt":{"rendered":"<p>Chateau de la Rochefoucauld Selon une l\u00e9gende, le ch\u00e2teau serait hant\u00e9 par l&rsquo;esprit de la f\u00e9e M\u00e9lusine, qui se serait jet\u00e9e du haut du donjon, ou par les \u00e2mes des fondateurs de la famille. Retour<\/p>\n","protected":false},"author":2,"featured_media":0,"parent":1032,"menu_order":0,"comment_status":"closed","ping_status":"closed","template":"","meta":[],"_links":{"self":[{"href":"https:\/\/sebtrotter.com\/index.php?rest_route=\/wp\/v2\/pages\/1132"}],"collection":[{"href":"https:\/\/sebtrotter.com\/index.php?rest_route=\/wp\/v2\/pages"}],"about":[{"href":"https:\/\/sebtrotter.com\/index.php?rest_route=\/wp\/v2\/types\/page"}],"author":[{"embeddable":true,"href":"https:\/\/sebtrotter.com\/index.php?rest_route=\/wp\/v2\/users\/2"}],"replies":[{"embeddable":true,"href":"https:\/\/sebtrotter.com\/index.php?rest_route=%2Fwp%2Fv2%2Fcomments&post=1132"}],"version-history":[{"count":0,"href":"https:\/\/sebtrotter.com\/index.php?rest_route=\/wp\/v2\/pages\/1132\/revisions"}],"up":[{"embeddable":true,"href":"https:\/\/sebtrotter.com\/index.php?rest_route=\/wp\/v2\/pages\/1032"}],"wp:attachment":[{"href":"https:\/\/sebtrotter.com\/index.php?rest_route=%2Fwp%2Fv2%2Fmedia&parent=1132"}],"curies":[{"name":"wp","href":"https:\/\/api.w.org\/{rel}","templated":true}]}}