{"id":1122,"date":"2018-10-05T19:51:45","date_gmt":"2018-10-05T19:51:45","guid":{"rendered":"http:\/\/sebtrotter.wixsite.com\/sebtrotter\/budapest"},"modified":"2018-10-05T19:51:45","modified_gmt":"2018-10-05T19:51:45","slug":"budapest","status":"publish","type":"page","link":"https:\/\/sebtrotter.com\/?page_id=1122","title":{"rendered":"Budapest"},"content":{"rendered":"<h4><a href=\"https:\/\/fr.wikipedia.org\/wiki\/Budapest\" target=\"_blank\" rel=\"noopener noreferrer\">BUDAPEST<\/a><\/h4>\n<p>Consid\u00e9r\u00e9e comme l&rsquo;une des plus belles villes d&rsquo;<a href=\"https:\/\/fr.wikipedia.org\/wiki\/Europe\" target=\"_blank\" rel=\"noopener noreferrer\">Europe<\/a> et comme la \u00ab perle \u00bb du <a href=\"https:\/\/fr.wikipedia.org\/wiki\/Danube\" target=\"_blank\" rel=\"noopener noreferrer\">Danube<\/a>, son panorama, le quartier du <a href=\"https:\/\/fr.wikipedia.org\/wiki\/Ch%C3%A2teau_de_Buda\" target=\"_blank\" rel=\"noopener noreferrer\">ch\u00e2teau de Buda<\/a>, l&rsquo;<a href=\"https:\/\/fr.wikipedia.org\/wiki\/Avenue_Andr%C3%A1ssy\" target=\"_blank\" rel=\"noopener noreferrer\">avenue Andr\u00e1ssy<\/a> et le <a href=\"https:\/\/fr.wikipedia.org\/wiki\/Ligne_M1_du_m%C3%A9tro_de_Budapest\" target=\"_blank\" rel=\"noopener noreferrer\">m\u00e9tropolitain du Mill\u00e9naire<\/a> figurent au <a href=\"https:\/\/fr.wikipedia.org\/wiki\/Patrimoine_mondial_de_l%27UNESCO\" target=\"_blank\" rel=\"noopener noreferrer\">patrimoine mondial de l&rsquo;UNESCO<\/a>. Destination touristique importante, la ville attire plus de 4,3 millions de visiteurs par an.<\/p>\n<p>Essayons de d\u00e9couvrir cela ensemble.<\/p>\n<p>Commen\u00e7ons au sud ouest de la ville Gellertthegy, le balcon sur le Danube.<\/p>\n<p>Prenez de bonne chaussure pour attaquer cette petite colline.<\/p>\n<p>Premier arr\u00eat \u00e0 145m \u00e0 la Statue de St Gerard \u00e9rig\u00e9e en 1904 \u00e0 l&#8217;emplacement de son martyre.<\/p>\n<p><img loading=\"lazy\" src=\"https:\/\/sebtrotter.wpcomstaging.com\/wp-content\/uploads\/2018\/10\/ba432-7da832a913c54867b1cf62686b3ac7a2.jpg\" width=\"600\" height=\"557\" \/><\/p>\n<p>Tout en haut vous serez sous le charme de la statue SZABADSAGSZOBOR, en m\u00e9moire des soldats sovi\u00e9tiques mort en lib\u00e9rant Buda.<\/p>\n<p><img loading=\"lazy\" src=\"https:\/\/sebtrotter.wpcomstaging.com\/wp-content\/uploads\/2018\/10\/f2c42-82bfd7c2e34943aaa52cc61663ea59b0.jpg\" width=\"600\" height=\"610\" \/><\/p>\n<p>Apr\u00e9s avoir fait le tour de la citadelle en empruntant con chemin de ronde<\/p>\n","protected":false},"excerpt":{"rendered":"<p>BUDAPEST Consid\u00e9r\u00e9e comme l&rsquo;une des plus belles villes d&rsquo;Europe et comme la \u00ab perle \u00bb du Danube, son panorama, le quartier du ch\u00e2teau de Buda, l&rsquo;avenue Andr\u00e1ssy et le m\u00e9tropolitain du Mill\u00e9naire figurent au patrimoine mondial de l&rsquo;UNESCO. Destination touristique importante, la ville attire plus de 4,3 millions de visiteurs par an. Essayons de d\u00e9couvrir [&hellip;]<\/p>\n","protected":false},"author":2,"featured_media":0,"parent":152,"menu_order":0,"comment_status":"closed","ping_status":"closed","template":"","meta":[],"_links":{"self":[{"href":"https:\/\/sebtrotter.com\/index.php?rest_route=\/wp\/v2\/pages\/1122"}],"collection":[{"href":"https:\/\/sebtrotter.com\/index.php?rest_route=\/wp\/v2\/pages"}],"about":[{"href":"https:\/\/sebtrotter.com\/index.php?rest_route=\/wp\/v2\/types\/page"}],"author":[{"embeddable":true,"href":"https:\/\/sebtrotter.com\/index.php?rest_route=\/wp\/v2\/users\/2"}],"replies":[{"embeddable":true,"href":"https:\/\/sebtrotter.com\/index.php?rest_route=%2Fwp%2Fv2%2Fcomments&post=1122"}],"version-history":[{"count":0,"href":"https:\/\/sebtrotter.com\/index.php?rest_route=\/wp\/v2\/pages\/1122\/revisions"}],"up":[{"embeddable":true,"href":"https:\/\/sebtrotter.com\/index.php?rest_route=\/wp\/v2\/pages\/152"}],"wp:attachment":[{"href":"https:\/\/sebtrotter.com\/index.php?rest_route=%2Fwp%2Fv2%2Fmedia&parent=1122"}],"curies":[{"name":"wp","href":"https:\/\/api.w.org\/{rel}","templated":true}]}}