{"id":112,"date":"2018-10-05T19:51:45","date_gmt":"2018-10-05T19:51:45","guid":{"rendered":"http:\/\/sebtrotter.wixsite.com\/sebtrotter\/pise"},"modified":"2018-10-05T19:51:45","modified_gmt":"2018-10-05T19:51:45","slug":"pise","status":"publish","type":"page","link":"https:\/\/sebtrotter.com\/?page_id=112","title":{"rendered":"Pise"},"content":{"rendered":"<h1><a rel=\"noopener noreferrer\" target=\"_blank\" href=\"http:\/\/www.pise.fr\">Pise<\/a><\/h1>\n\n<p>Pise (en italien Pisa) est une ville italienne d&rsquo;environ 89 620 habitants, chef-lieu de la province de m\u00eame nom enToscane. Elle est c\u00e9l\u00e8bre dans le monde principalement pour sa tour pench\u00e9e. Elle est travers\u00e9e par le fleuve Arno et situ\u00e9e sur la via Aurelia.<\/p>\n<p><a role=\"button\" class=\"button\" href=\"?p=642\">Retour<\/a><\/p>\n","protected":false},"excerpt":{"rendered":"<p>Pise Pise (en italien Pisa) est une ville italienne d&rsquo;environ 89 620 habitants, chef-lieu de la province de m\u00eame nom enToscane. Elle est c\u00e9l\u00e8bre dans le monde principalement pour sa tour pench\u00e9e. Elle est travers\u00e9e par le fleuve Arno et situ\u00e9e sur la via Aurelia. Retour<\/p>\n","protected":false},"author":2,"featured_media":0,"parent":0,"menu_order":0,"comment_status":"closed","ping_status":"closed","template":"","meta":[],"_links":{"self":[{"href":"https:\/\/sebtrotter.com\/index.php?rest_route=\/wp\/v2\/pages\/112"}],"collection":[{"href":"https:\/\/sebtrotter.com\/index.php?rest_route=\/wp\/v2\/pages"}],"about":[{"href":"https:\/\/sebtrotter.com\/index.php?rest_route=\/wp\/v2\/types\/page"}],"author":[{"embeddable":true,"href":"https:\/\/sebtrotter.com\/index.php?rest_route=\/wp\/v2\/users\/2"}],"replies":[{"embeddable":true,"href":"https:\/\/sebtrotter.com\/index.php?rest_route=%2Fwp%2Fv2%2Fcomments&post=112"}],"version-history":[{"count":0,"href":"https:\/\/sebtrotter.com\/index.php?rest_route=\/wp\/v2\/pages\/112\/revisions"}],"wp:attachment":[{"href":"https:\/\/sebtrotter.com\/index.php?rest_route=%2Fwp%2Fv2%2Fmedia&parent=112"}],"curies":[{"name":"wp","href":"https:\/\/api.w.org\/{rel}","templated":true}]}}