{"id":1102,"date":"2018-10-05T19:51:45","date_gmt":"2018-10-05T19:51:45","guid":{"rendered":"http:\/\/sebtrotter.wixsite.com\/sebtrotter\/la-montagne-des-singes"},"modified":"2018-10-05T19:51:45","modified_gmt":"2018-10-05T19:51:45","slug":"la-montagne-des-singes","status":"publish","type":"page","link":"https:\/\/sebtrotter.com\/?page_id=1102","title":{"rendered":"La montagne des Singes"},"content":{"rendered":"<h2><a href=\"https:\/\/www.montagnedessinges.com\" target=\"_blank\" rel=\"noopener noreferrer\">La Montagne des Singes<\/a><\/h2>\n<p>Venez vous \u00e9vader le temps d\u2019une surprenante promenade parmi plus de<\/p>\n<p>200 macaques de Barbarie qui vivent en libert\u00e9 sur 24ha de for\u00eat.<\/p>\n<p>Magnifique et g\u00e9nial pour les enfants !!!<\/p>\n\n","protected":false},"excerpt":{"rendered":"<p>La Montagne des Singes Venez vous \u00e9vader le temps d\u2019une surprenante promenade parmi plus de 200 macaques de Barbarie qui vivent en libert\u00e9 sur 24ha de for\u00eat. Magnifique et g\u00e9nial pour les enfants !!!<\/p>\n","protected":false},"author":2,"featured_media":0,"parent":1032,"menu_order":0,"comment_status":"closed","ping_status":"closed","template":"","meta":[],"_links":{"self":[{"href":"https:\/\/sebtrotter.com\/index.php?rest_route=\/wp\/v2\/pages\/1102"}],"collection":[{"href":"https:\/\/sebtrotter.com\/index.php?rest_route=\/wp\/v2\/pages"}],"about":[{"href":"https:\/\/sebtrotter.com\/index.php?rest_route=\/wp\/v2\/types\/page"}],"author":[{"embeddable":true,"href":"https:\/\/sebtrotter.com\/index.php?rest_route=\/wp\/v2\/users\/2"}],"replies":[{"embeddable":true,"href":"https:\/\/sebtrotter.com\/index.php?rest_route=%2Fwp%2Fv2%2Fcomments&post=1102"}],"version-history":[{"count":0,"href":"https:\/\/sebtrotter.com\/index.php?rest_route=\/wp\/v2\/pages\/1102\/revisions"}],"up":[{"embeddable":true,"href":"https:\/\/sebtrotter.com\/index.php?rest_route=\/wp\/v2\/pages\/1032"}],"wp:attachment":[{"href":"https:\/\/sebtrotter.com\/index.php?rest_route=%2Fwp%2Fv2%2Fmedia&parent=1102"}],"curies":[{"name":"wp","href":"https:\/\/api.w.org\/{rel}","templated":true}]}}