{"id":1092,"date":"2018-10-05T19:51:45","date_gmt":"2018-10-05T19:51:45","guid":{"rendered":"http:\/\/sebtrotter.wixsite.com\/sebtrotter\/bassin-d-arcachon"},"modified":"2018-10-05T19:51:45","modified_gmt":"2018-10-05T19:51:45","slug":"bassin-darcachon","status":"publish","type":"page","link":"https:\/\/sebtrotter.com\/?page_id=1092","title":{"rendered":"Bassin d&rsquo;arcachon"},"content":{"rendered":"<h1><a href=\"http:\/\/www.bassin-arcachon.com\" target=\"_blank\" rel=\"noopener noreferrer\">Bassin d&rsquo;Arcachon<\/a><\/h1>\n\n<p>Le bassin d\u2019Arcachon (Laca d&rsquo;Arcaishon en gascon) est une lagune m\u00e9sotidale1 situ\u00e9e dans les Landes de Gascogne, enGironde, entre les villes de La Teste-de-Buch au sud, L\u00e8ge-Cap-Ferret \u00e0 l\u2019ouest et le delta de la Leyre \u00e0 l\u2019est. Lui seul interrompt le cordon dunaire de 250 km de la C\u00f4te d\u2019Argent, qui s&rsquo;\u00e9tend de l\u2019estuaire de la Gironde au fleuve Adour. \u00c0 la diff\u00e9rence desgrands lacs landais, il est largement ouvert sur l\u2019oc\u00e9an Atlantique par l\u2019interm\u00e9diaire des passes du bassin d\u2019Arcachon et constitue une petite mer int\u00e9rieure de 155 km\u00b2 \u00e0 mar\u00e9e haute et de 40 km\u00b2 \u00e0 mar\u00e9e basse. On y pratique l\u2019ostr\u00e9iculture, la p\u00eache et la navigation de plaisance. Depuis le 8 juin 2014, il abrite le parc naturel marin du bassin d&rsquo;Arcachon2.<\/p>\n<p><a class=\"button\" role=\"button\" href=\"?p=1032\">Retour<\/a><\/p>\n","protected":false},"excerpt":{"rendered":"<p>Bassin d&rsquo;Arcachon Le bassin d\u2019Arcachon (Laca d&rsquo;Arcaishon en gascon) est une lagune m\u00e9sotidale1 situ\u00e9e dans les Landes de Gascogne, enGironde, entre les villes de La Teste-de-Buch au sud, L\u00e8ge-Cap-Ferret \u00e0 l\u2019ouest et le delta de la Leyre \u00e0 l\u2019est. Lui seul interrompt le cordon dunaire de 250 km de la C\u00f4te d\u2019Argent, qui s&rsquo;\u00e9tend de [&hellip;]<\/p>\n","protected":false},"author":2,"featured_media":0,"parent":1032,"menu_order":0,"comment_status":"closed","ping_status":"closed","template":"","meta":[],"_links":{"self":[{"href":"https:\/\/sebtrotter.com\/index.php?rest_route=\/wp\/v2\/pages\/1092"}],"collection":[{"href":"https:\/\/sebtrotter.com\/index.php?rest_route=\/wp\/v2\/pages"}],"about":[{"href":"https:\/\/sebtrotter.com\/index.php?rest_route=\/wp\/v2\/types\/page"}],"author":[{"embeddable":true,"href":"https:\/\/sebtrotter.com\/index.php?rest_route=\/wp\/v2\/users\/2"}],"replies":[{"embeddable":true,"href":"https:\/\/sebtrotter.com\/index.php?rest_route=%2Fwp%2Fv2%2Fcomments&post=1092"}],"version-history":[{"count":0,"href":"https:\/\/sebtrotter.com\/index.php?rest_route=\/wp\/v2\/pages\/1092\/revisions"}],"up":[{"embeddable":true,"href":"https:\/\/sebtrotter.com\/index.php?rest_route=\/wp\/v2\/pages\/1032"}],"wp:attachment":[{"href":"https:\/\/sebtrotter.com\/index.php?rest_route=%2Fwp%2Fv2%2Fmedia&parent=1092"}],"curies":[{"name":"wp","href":"https:\/\/api.w.org\/{rel}","templated":true}]}}