{"id":1062,"date":"2018-10-05T19:51:45","date_gmt":"2018-10-05T19:51:45","guid":{"rendered":"http:\/\/sebtrotter.wixsite.com\/sebtrotter\/piton-de-la-fournaise"},"modified":"2018-10-05T19:51:45","modified_gmt":"2018-10-05T19:51:45","slug":"piton-de-la-fournaise","status":"publish","type":"page","link":"https:\/\/sebtrotter.com\/?page_id=1062","title":{"rendered":"Piton de la Fournaise"},"content":{"rendered":"<h1>Piton de la Fournaise<\/h1>\n\n<p>Le piton de la Fournaise, qui culmine \u00e0 2 632 m\u00e8tres d&rsquo;altitude1, est le volcan actif de l&rsquo;\u00eele de La R\u00e9union. Il correspond au sommet et au flanc oriental du massif du Piton de la Fournaise, un volcan bouclier qui constitue 40 % de l&rsquo;\u00eele dans sa partie sud-est.<\/p>\n<p><a class=\"button\" role=\"button\" href=\"?p=92\">Retour<\/a><\/p>\n","protected":false},"excerpt":{"rendered":"<p>Piton de la Fournaise Le piton de la Fournaise, qui culmine \u00e0 2 632 m\u00e8tres d&rsquo;altitude1, est le volcan actif de l&rsquo;\u00eele de La R\u00e9union. Il correspond au sommet et au flanc oriental du massif du Piton de la Fournaise, un volcan bouclier qui constitue 40 % de l&rsquo;\u00eele dans sa partie sud-est. Retour<\/p>\n","protected":false},"author":2,"featured_media":0,"parent":92,"menu_order":0,"comment_status":"closed","ping_status":"closed","template":"","meta":[],"_links":{"self":[{"href":"https:\/\/sebtrotter.com\/index.php?rest_route=\/wp\/v2\/pages\/1062"}],"collection":[{"href":"https:\/\/sebtrotter.com\/index.php?rest_route=\/wp\/v2\/pages"}],"about":[{"href":"https:\/\/sebtrotter.com\/index.php?rest_route=\/wp\/v2\/types\/page"}],"author":[{"embeddable":true,"href":"https:\/\/sebtrotter.com\/index.php?rest_route=\/wp\/v2\/users\/2"}],"replies":[{"embeddable":true,"href":"https:\/\/sebtrotter.com\/index.php?rest_route=%2Fwp%2Fv2%2Fcomments&post=1062"}],"version-history":[{"count":0,"href":"https:\/\/sebtrotter.com\/index.php?rest_route=\/wp\/v2\/pages\/1062\/revisions"}],"up":[{"embeddable":true,"href":"https:\/\/sebtrotter.com\/index.php?rest_route=\/wp\/v2\/pages\/92"}],"wp:attachment":[{"href":"https:\/\/sebtrotter.com\/index.php?rest_route=%2Fwp%2Fv2%2Fmedia&parent=1062"}],"curies":[{"name":"wp","href":"https:\/\/api.w.org\/{rel}","templated":true}]}}