{"id":1052,"date":"2018-10-05T19:51:45","date_gmt":"2018-10-05T19:51:45","guid":{"rendered":"http:\/\/sebtrotter.wixsite.com\/sebtrotter\/port-cros"},"modified":"2018-10-05T19:51:45","modified_gmt":"2018-10-05T19:51:45","slug":"port-cros","status":"publish","type":"page","link":"https:\/\/sebtrotter.com\/?page_id=1052","title":{"rendered":"Port cros"},"content":{"rendered":"\n<p>Port-Cros est une des trois \u00eeles d&rsquo;Hy\u00e8res, archipel c\u00f4tier de la mer M\u00e9diterran\u00e9e, au large de rade d&rsquo;Hy\u00e8res dans led\u00e9partement du Var et la r\u00e9gion Provence-Alpes-C\u00f4te d&rsquo;Azur. L&rsquo;\u00eele fait partie de la commune d&rsquo;Hy\u00e8res. Longue de quatre kilom\u00e8tres et demi et large de deux, son point le plus \u00e9lev\u00e9 est \u00e0 199 m\u00e8tres d&rsquo;altitude, point culminant de l&rsquo;archipel. La pr\u00e9sence de sources expliquent la richesse de sa v\u00e9g\u00e9tation.<\/p>\n<p>Au d\u00e9but des ann\u00e9es 1960, sa propri\u00e9taire en fit don \u00e0 l&rsquo;\u00c9tat contre la promesse d&rsquo;en faire un parc national, r\u00e9serve de la faune et de la flore. Le parc national de Port-Cros fut cr\u00e9\u00e9 le 14 d\u00e9cembre 1963. Ce parc national, terrestre et maritime, est le seul dont l&rsquo;\u00c9tat est quasiment enti\u00e8rement propri\u00e9taire.<\/p>\n<p><a class=\"button\" role=\"button\" href=\"?p=1032\">Retour<\/a><\/p>\n","protected":false},"excerpt":{"rendered":"<p>Port-Cros est une des trois \u00eeles d&rsquo;Hy\u00e8res, archipel c\u00f4tier de la mer M\u00e9diterran\u00e9e, au large de rade d&rsquo;Hy\u00e8res dans led\u00e9partement du Var et la r\u00e9gion Provence-Alpes-C\u00f4te d&rsquo;Azur. L&rsquo;\u00eele fait partie de la commune d&rsquo;Hy\u00e8res. Longue de quatre kilom\u00e8tres et demi et large de deux, son point le plus \u00e9lev\u00e9 est \u00e0 199 m\u00e8tres d&rsquo;altitude, point [&hellip;]<\/p>\n","protected":false},"author":2,"featured_media":0,"parent":1032,"menu_order":0,"comment_status":"closed","ping_status":"closed","template":"","meta":[],"_links":{"self":[{"href":"https:\/\/sebtrotter.com\/index.php?rest_route=\/wp\/v2\/pages\/1052"}],"collection":[{"href":"https:\/\/sebtrotter.com\/index.php?rest_route=\/wp\/v2\/pages"}],"about":[{"href":"https:\/\/sebtrotter.com\/index.php?rest_route=\/wp\/v2\/types\/page"}],"author":[{"embeddable":true,"href":"https:\/\/sebtrotter.com\/index.php?rest_route=\/wp\/v2\/users\/2"}],"replies":[{"embeddable":true,"href":"https:\/\/sebtrotter.com\/index.php?rest_route=%2Fwp%2Fv2%2Fcomments&post=1052"}],"version-history":[{"count":0,"href":"https:\/\/sebtrotter.com\/index.php?rest_route=\/wp\/v2\/pages\/1052\/revisions"}],"up":[{"embeddable":true,"href":"https:\/\/sebtrotter.com\/index.php?rest_route=\/wp\/v2\/pages\/1032"}],"wp:attachment":[{"href":"https:\/\/sebtrotter.com\/index.php?rest_route=%2Fwp%2Fv2%2Fmedia&parent=1052"}],"curies":[{"name":"wp","href":"https:\/\/api.w.org\/{rel}","templated":true}]}}