{"id":1042,"date":"2018-10-05T19:51:45","date_gmt":"2018-10-05T19:51:45","guid":{"rendered":"http:\/\/sebtrotter.wixsite.com\/sebtrotter\/pavie"},"modified":"2018-10-05T19:51:45","modified_gmt":"2018-10-05T19:51:45","slug":"pavie","status":"publish","type":"page","link":"https:\/\/sebtrotter.com\/?page_id=1042","title":{"rendered":"Pavie"},"content":{"rendered":"<h1>Pavie<\/h1>\n\n<p>Pavie est nomm\u00e9e Pavia en italien et en lombard. \u00c0 partir du vie si\u00e8cle, la ville est nomm\u00e9e Papia, un d\u00e9riv\u00e9 probable du nom d&rsquo;une gens romaine.<\/p>\n<p>\u00c0 l&rsquo;\u00e9poque romaine, Pavie porte le nom de Ticinum, d\u00e9rivant du nom de la rivi\u00e8re Tessin (Ticino en italien) ; l&rsquo;\u00e9tymologie de ce dernier nom est incertaine.<\/p>\n<p><a class=\"button\" role=\"button\" href=\"?p=642\">Retour<\/a><\/p>\n","protected":false},"excerpt":{"rendered":"<p>Pavie Pavie est nomm\u00e9e Pavia en italien et en lombard. \u00c0 partir du vie si\u00e8cle, la ville est nomm\u00e9e Papia, un d\u00e9riv\u00e9 probable du nom d&rsquo;une gens romaine. \u00c0 l&rsquo;\u00e9poque romaine, Pavie porte le nom de Ticinum, d\u00e9rivant du nom de la rivi\u00e8re Tessin (Ticino en italien) ; l&rsquo;\u00e9tymologie de ce dernier nom est incertaine. [&hellip;]<\/p>\n","protected":false},"author":2,"featured_media":0,"parent":642,"menu_order":0,"comment_status":"closed","ping_status":"closed","template":"","meta":[],"_links":{"self":[{"href":"https:\/\/sebtrotter.com\/index.php?rest_route=\/wp\/v2\/pages\/1042"}],"collection":[{"href":"https:\/\/sebtrotter.com\/index.php?rest_route=\/wp\/v2\/pages"}],"about":[{"href":"https:\/\/sebtrotter.com\/index.php?rest_route=\/wp\/v2\/types\/page"}],"author":[{"embeddable":true,"href":"https:\/\/sebtrotter.com\/index.php?rest_route=\/wp\/v2\/users\/2"}],"replies":[{"embeddable":true,"href":"https:\/\/sebtrotter.com\/index.php?rest_route=%2Fwp%2Fv2%2Fcomments&post=1042"}],"version-history":[{"count":0,"href":"https:\/\/sebtrotter.com\/index.php?rest_route=\/wp\/v2\/pages\/1042\/revisions"}],"up":[{"embeddable":true,"href":"https:\/\/sebtrotter.com\/index.php?rest_route=\/wp\/v2\/pages\/642"}],"wp:attachment":[{"href":"https:\/\/sebtrotter.com\/index.php?rest_route=%2Fwp%2Fv2%2Fmedia&parent=1042"}],"curies":[{"name":"wp","href":"https:\/\/api.w.org\/{rel}","templated":true}]}}