{"id":1032,"date":"2018-10-05T19:51:45","date_gmt":"2018-10-05T19:51:45","guid":{"rendered":"http:\/\/sebtrotter.wixsite.com\/sebtrotter\/france"},"modified":"2018-10-05T19:51:45","modified_gmt":"2018-10-05T19:51:45","slug":"france","status":"publish","type":"page","link":"https:\/\/sebtrotter.com\/?page_id=1032","title":{"rendered":"France"},"content":{"rendered":"<p><a role=\"button\" class=\"button\" href=\"?p=962\">Alesia<\/a><br \/>\n<a role=\"button\" class=\"button\" href=\"?p=372\">Devini\u00e8re Rabelais<\/a><br \/>\n<a role=\"button\" class=\"button\" href=\"?p=812\">Strasbourg<\/a><br \/>\n<a role=\"button\" class=\"button\" href=\"?p=852\">Abbaye royal de Fontevraud<\/a><br \/>\n<a role=\"button\" class=\"button\" href=\"?p=1172\">Domr\u00e9my la pucelle<\/a><br \/>\n<a role=\"button\" class=\"button\" href=\"?p=622\">Tranch\u00e9e des ba\u00efonettes<\/a><br \/>\n<a role=\"button\" class=\"button\" href=\"?p=162\">Flavigny<\/a><br \/>\n<a role=\"button\" class=\"button\" href=\"?p=132\">Village de l&rsquo;Herbe<\/a><br \/>\n<a role=\"button\" class=\"button\" href=\"?p=742\">Bormes les Mimosas<\/a><br \/>\n<a role=\"button\" class=\"button\" href=\"?p=582\">Forteresse de Chinon<\/a><br \/>\n<a role=\"button\" class=\"button\" href=\"?p=1092\">Bassin d&rsquo;arcachon<\/a><br \/>\n<a role=\"button\" class=\"button\" href=\"?p=562\">Lyon<\/a><br \/>\n<a role=\"button\" class=\"button\" href=\"?p=552\">Gorge de l&rsquo;Ard\u00e8che<\/a><br \/>\n<a role=\"button\" class=\"button\" href=\"?p=392\">Colombey les deux Eglises<\/a><br \/>\n<a role=\"button\" class=\"button\">Chateau du Haut-K\u0153nigsbourg<\/a><br \/>\n<a role=\"button\" class=\"button\" href=\"?p=82\">Golf du Morbihan<\/a><br \/>\n<a role=\"button\" class=\"button\" href=\"?p=672\">Cote sauvage de Quiberon<\/a><br \/>\n<a role=\"button\" class=\"button\" href=\"?p=572\">Canne<\/a><br \/>\n<a role=\"button\" class=\"button\" href=\"?p=792\">Les grottes P\u00e9trifiantes<\/a><br \/>\n<a role=\"button\" class=\"button\" href=\"?p=922\">Carnac<\/a><br \/>\n<a role=\"button\" class=\"button\" href=\"?p=412\">Moulin de Roch<\/a><br \/>\n<a role=\"button\" class=\"button\" href=\"?p=1132\">Chateau de la Roche Foucault<\/a><br \/>\n<a role=\"button\" class=\"button\" href=\"?p=172\">Mont St Michel<\/a><br \/>\n<a role=\"button\" class=\"button\" href=\"?p=612\">Chateau de Cheverny et Moulinsart<\/a><br \/>\n<a role=\"button\" class=\"button\" href=\"?p=402\">Chateau de Saumur<\/a><br \/>\n<a role=\"button\" class=\"button\" href=\"?p=472\">Monaco<\/a><br \/>\n<a role=\"button\" class=\"button\" href=\"?p=1232\">Chateau de Blois<\/a><br \/>\n<a role=\"button\" class=\"button\" href=\"?p=632\">Mus\u00e9e des maisons Comtoise<\/a><br \/>\n<a role=\"button\" class=\"button\" href=\"?p=912\">Chateau de Chambord<\/a><br \/>\n<a role=\"button\" class=\"button\" href=\"?p=492\">Palais id\u00e9al du facteur cheval<\/a><br \/>\n<a role=\"button\" class=\"button\" href=\"?p=452\">Chateau de Malain<\/a><br \/>\n<a role=\"button\" class=\"button\" href=\"?p=182\">Citadelle de Blaye<\/a><br \/>\n<a role=\"button\" class=\"button\" href=\"?p=522\">Parc de la t\u00eate d&rsquo;or<\/a><br \/>\n<a role=\"button\" class=\"button\" href=\"?p=802\">Chateau d&rsquo;Azay le Rideau<\/a><br \/>\n<a role=\"button\" class=\"button\" href=\"?p=1012\">Paris<\/a><br \/>\n<a role=\"button\" class=\"button\" href=\"?p=1022\">Pinthi\u00e8vre<\/a><br \/>\n<a role=\"button\" class=\"button\" href=\"?p=752\">Chateau de Villandry<\/a><br \/>\n<a role=\"button\" class=\"button\" href=\"?p=1082\">Pont du Gard<\/a><br \/>\n<a role=\"button\" class=\"button\" href=\"?p=872\">Clos Luc\u00e9 L\u00e9onard de Vinci<\/a><br \/>\n<a role=\"button\" class=\"button\" href=\"?p=1052\">Port Cros<\/a><br \/>\n<a role=\"button\" class=\"button\" href=\"?p=202\">Chateau d&rsquo;Angers<\/a><br \/>\n<a role=\"button\" class=\"button\" href=\"?p=292\">Porquerolle<\/a><br \/>\n<a role=\"button\" class=\"button\" href=\"?p=842\">Chateau de Kerguehennec<\/a><br \/>\n<a role=\"button\" class=\"button\" href=\"?p=602\">St Emilion<\/a><br \/>\n<a role=\"button\" class=\"button\" href=\"?p=892\">Chateau de Brede Montesquieu<\/a><br \/>\n<a role=\"button\" class=\"button\" href=\"?p=782\">St Tropez<\/a><br \/>\n<a role=\"button\" class=\"button\" href=\"?p=772\">Chateau de Chenonceau<\/a><br \/>\n<a role=\"button\" class=\"button\" href=\"?p=482\">St malo<\/a><br \/>\n<a role=\"button\" class=\"button\" href=\"?p=932\">Chateau d&rsquo;Amboise<\/a><\/p>\n","protected":false},"excerpt":{"rendered":"<p>Alesia Devini\u00e8re Rabelais Strasbourg Abbaye royal de Fontevraud Domr\u00e9my la pucelle Tranch\u00e9e des ba\u00efonettes Flavigny Village de l&rsquo;Herbe Bormes les Mimosas Forteresse de Chinon Bassin d&rsquo;arcachon Lyon Gorge de l&rsquo;Ard\u00e8che Colombey les deux Eglises Chateau du Haut-K\u0153nigsbourg Golf du Morbihan Cote sauvage de Quiberon Canne Les grottes P\u00e9trifiantes Carnac Moulin de Roch Chateau de la [&hellip;]<\/p>\n","protected":false},"author":2,"featured_media":0,"parent":0,"menu_order":0,"comment_status":"closed","ping_status":"closed","template":"","meta":[],"_links":{"self":[{"href":"https:\/\/sebtrotter.com\/index.php?rest_route=\/wp\/v2\/pages\/1032"}],"collection":[{"href":"https:\/\/sebtrotter.com\/index.php?rest_route=\/wp\/v2\/pages"}],"about":[{"href":"https:\/\/sebtrotter.com\/index.php?rest_route=\/wp\/v2\/types\/page"}],"author":[{"embeddable":true,"href":"https:\/\/sebtrotter.com\/index.php?rest_route=\/wp\/v2\/users\/2"}],"replies":[{"embeddable":true,"href":"https:\/\/sebtrotter.com\/index.php?rest_route=%2Fwp%2Fv2%2Fcomments&post=1032"}],"version-history":[{"count":0,"href":"https:\/\/sebtrotter.com\/index.php?rest_route=\/wp\/v2\/pages\/1032\/revisions"}],"wp:attachment":[{"href":"https:\/\/sebtrotter.com\/index.php?rest_route=%2Fwp%2Fv2%2Fmedia&parent=1032"}],"curies":[{"name":"wp","href":"https:\/\/api.w.org\/{rel}","templated":true}]}}