{"id":102,"date":"2018-10-05T19:51:45","date_gmt":"2018-10-05T19:51:45","guid":{"rendered":"http:\/\/sebtrotter.wixsite.com\/sebtrotter\/chateau-du-haut-koenigsbourg"},"modified":"2018-10-05T19:51:45","modified_gmt":"2018-10-05T19:51:45","slug":"chateau-du-haut-koenigsbourg","status":"publish","type":"page","link":"https:\/\/sebtrotter.com\/?page_id=102","title":{"rendered":"Chateau du Haut-K\u0153nigsbourg"},"content":{"rendered":"<h2><a rel=\"noopener noreferrer\" target=\"_blank\" href=\"http:\/\/www.haut-koenigsbourg.fr\/fr\/\">Chateau du Haut-K\u0153nigsbourg<\/a><\/h2>\n<p>Le ch\u00e2teau du Haut-K\u0153nigsbourg est un ancien <a rel=\"noopener noreferrer\" target=\"_blank\" href=\"https:\/\/fr.wikipedia.org\/wiki\/Ch%C3%A2teau_fort\">ch\u00e2teau fort<\/a> du xiie si\u00e8cle, profond\u00e9ment remani\u00e9 au xve si\u00e8cle et qui fut sous <a rel=\"noopener noreferrer\" target=\"_blank\" href=\"https:\/\/fr.wikipedia.org\/wiki\/Guillaume_II_(empereur_allemand)\">Guillaume II<\/a> un symbole imp\u00e9rial allemand, qui se dresse sur la commune fran\u00e7aise d&rsquo;<a rel=\"noopener noreferrer\" target=\"_blank\" href=\"https:\/\/fr.wikipedia.org\/wiki\/Orschwiller\">Orschwiller<\/a> dans le d\u00e9partement du <a rel=\"noopener noreferrer\" target=\"_blank\" href=\"https:\/\/fr.wikipedia.org\/wiki\/Bas-Rhin\">Bas-Rhin<\/a> en r\u00e9gion <a rel=\"noopener noreferrer\" target=\"_blank\" href=\"https:\/\/fr.wikipedia.org\/wiki\/Grand_Est\">Grand Est<\/a>.<\/p>\n<p>Le nom actuel du ch\u00e2teau, Haut-K\u0153nigsbourg, est le r\u00e9sultat de l&rsquo;adaptation du nom allemand Hohk\u00f6nigsburg qui se traduit par \u00ab haut-ch\u00e2teau du roi \u00bb.<\/p>\n<p><a role=\"button\" class=\"button\" href=\"?p=262\">Retour<\/a><\/p>\n","protected":false},"excerpt":{"rendered":"<p>Chateau du Haut-K\u0153nigsbourg Le ch\u00e2teau du Haut-K\u0153nigsbourg est un ancien ch\u00e2teau fort du xiie si\u00e8cle, profond\u00e9ment remani\u00e9 au xve si\u00e8cle et qui fut sous Guillaume II un symbole imp\u00e9rial allemand, qui se dresse sur la commune fran\u00e7aise d&rsquo;Orschwiller dans le d\u00e9partement du Bas-Rhin en r\u00e9gion Grand Est. Le nom actuel du ch\u00e2teau, Haut-K\u0153nigsbourg, est le [&hellip;]<\/p>\n","protected":false},"author":2,"featured_media":0,"parent":0,"menu_order":0,"comment_status":"closed","ping_status":"closed","template":"","meta":[],"_links":{"self":[{"href":"https:\/\/sebtrotter.com\/index.php?rest_route=\/wp\/v2\/pages\/102"}],"collection":[{"href":"https:\/\/sebtrotter.com\/index.php?rest_route=\/wp\/v2\/pages"}],"about":[{"href":"https:\/\/sebtrotter.com\/index.php?rest_route=\/wp\/v2\/types\/page"}],"author":[{"embeddable":true,"href":"https:\/\/sebtrotter.com\/index.php?rest_route=\/wp\/v2\/users\/2"}],"replies":[{"embeddable":true,"href":"https:\/\/sebtrotter.com\/index.php?rest_route=%2Fwp%2Fv2%2Fcomments&post=102"}],"version-history":[{"count":0,"href":"https:\/\/sebtrotter.com\/index.php?rest_route=\/wp\/v2\/pages\/102\/revisions"}],"wp:attachment":[{"href":"https:\/\/sebtrotter.com\/index.php?rest_route=%2Fwp%2Fv2%2Fmedia&parent=102"}],"curies":[{"name":"wp","href":"https:\/\/api.w.org\/{rel}","templated":true}]}}